{"id":29,"date":"2022-03-30T19:48:47","date_gmt":"2022-03-30T19:48:47","guid":{"rendered":"https:\/\/aktaslawpadev.wpenginepowered.com\/tr\/?page_id=29"},"modified":"2025-11-24T20:47:04","modified_gmt":"2025-11-24T20:47:04","slug":"news","status":"publish","type":"page","link":"https:\/\/www.aktaslawyers.com\/tr\/news\/","title":{"rendered":"News"},"content":{"rendered":"\t\t<div data-elementor-type=\"wp-page\" data-elementor-id=\"29\" class=\"elementor elementor-29\" data-elementor-post-type=\"page\">\n\t\t\t\t<div class=\"elementor-element elementor-element-2bb2e153 e-flex e-con-boxed e-con e-parent\" data-id=\"2bb2e153\" data-element_type=\"container\" data-e-type=\"container\" data-settings=\"{&quot;background_background&quot;:&quot;classic&quot;}\">\n\t\t\t\t\t<div class=\"e-con-inner\">\n\t\t<div class=\"elementor-element elementor-element-6c72cc98 e-con-full e-flex e-con e-child\" data-id=\"6c72cc98\" data-element_type=\"container\" data-e-type=\"container\" data-settings=\"{&quot;background_background&quot;:&quot;classic&quot;}\">\n\t\t\t\t<div class=\"elementor-element elementor-element-7fa02ce3 elementor-widget elementor-widget-heading\" data-id=\"7fa02ce3\" data-element_type=\"widget\" data-e-type=\"widget\" data-widget_type=\"heading.default\">\n\t\t\t\t<div class=\"elementor-widget-container\">\n\t\t\t\t\t<h2 class=\"elementor-heading-title elementor-size-default\">G\u00fcncel Haberler<\/h2>\t\t\t\t<\/div>\n\t\t\t\t<\/div>\n\t\t\t\t<div class=\"elementor-element elementor-element-30598ce2 elementor-widget-divider--view-line elementor-widget elementor-widget-divider\" data-id=\"30598ce2\" data-element_type=\"widget\" data-e-type=\"widget\" data-widget_type=\"divider.default\">\n\t\t\t\t<div class=\"elementor-widget-container\">\n\t\t\t\t\t\t\t<div class=\"elementor-divider\">\n\t\t\t<span class=\"elementor-divider-separator\">\n\t\t\t\t\t\t<\/span>\n\t\t<\/div>\n\t\t\t\t\t\t<\/div>\n\t\t\t\t<\/div>\n\t\t\t\t<div class=\"elementor-element elementor-element-e13ddc0 elementor-widget elementor-widget-text-editor\" data-id=\"e13ddc0\" data-element_type=\"widget\" data-e-type=\"widget\" data-widget_type=\"text-editor.default\">\n\t\t\t\t<div class=\"elementor-widget-container\">\n\t\t\t\t\t\t\t\t\t<p><em>2012\u2019den bu yana, her m\u00fcvekkile \u00f6zel ilgiyle, d\u00fcr\u00fcst ve uzman bir yakla\u015f\u0131mla hukuki destek sunuyoruz.<\/em><\/p>\t\t\t\t\t\t\t\t<\/div>\n\t\t\t\t<\/div>\n\t\t\t\t<\/div>\n\t\t\t\t\t<\/div>\n\t\t\t\t<\/div>\n\t\t<div class=\"elementor-element elementor-element-221772d e-flex e-con-boxed e-con e-parent\" data-id=\"221772d\" data-element_type=\"container\" data-e-type=\"container\">\n\t\t\t\t\t<div class=\"e-con-inner\">\n\t\t\t\t<div class=\"elementor-element elementor-element-580d190 elementor-grid-3 elementor-grid-tablet-2 elementor-grid-mobile-1 elementor-widget elementor-widget-loop-grid\" data-id=\"580d190\" data-element_type=\"widget\" data-e-type=\"widget\" data-settings=\"{&quot;template_id&quot;:&quot;3902&quot;,&quot;pagination_type&quot;:&quot;prev_next&quot;,&quot;columns&quot;:3,&quot;_skin&quot;:&quot;post&quot;,&quot;columns_tablet&quot;:&quot;2&quot;,&quot;columns_mobile&quot;:&quot;1&quot;,&quot;edit_handle_selector&quot;:&quot;[data-elementor-type=\\&quot;loop-item\\&quot;]&quot;,&quot;pagination_load_type&quot;:&quot;page_reload&quot;,&quot;row_gap&quot;:{&quot;unit&quot;:&quot;px&quot;,&quot;size&quot;:&quot;&quot;,&quot;sizes&quot;:[]},&quot;row_gap_tablet&quot;:{&quot;unit&quot;:&quot;px&quot;,&quot;size&quot;:&quot;&quot;,&quot;sizes&quot;:[]},&quot;row_gap_mobile&quot;:{&quot;unit&quot;:&quot;px&quot;,&quot;size&quot;:&quot;&quot;,&quot;sizes&quot;:[]}}\" data-widget_type=\"loop-grid.post\">\n\t\t\t\t<div class=\"elementor-widget-container\">\n\t\t\t\t\t\t\t<div class=\"elementor-loop-container elementor-grid\" role=\"list\">\n\t\t<style id=\"loop-3902\">.elementor-3902 .elementor-element.elementor-element-44d93c5f{--display:flex;--flex-direction:column;--container-widget-width:100%;--container-widget-height:initial;--container-widget-flex-grow:0;--container-widget-align-self:initial;--flex-wrap-mobile:wrap;--gap:8px 8px;--row-gap:8px;--column-gap:8px;--padding-top:20px;--padding-bottom:55px;--padding-left:20px;--padding-right:20px;}.elementor-3902 .elementor-element.elementor-element-1f223578 img{width:100%;height:260px;object-fit:cover;object-position:center center;filter:brightness( 100% ) contrast( 100% ) saturate( 100% ) blur( 0px ) hue-rotate( 0deg );transition-duration:0.3s;}.elementor-3902 .elementor-element.elementor-element-1f223578:hover img{filter:brightness( 105% ) contrast( 100% ) saturate( 105% ) blur( 0px ) hue-rotate( 0deg );}.elementor-3902 .elementor-element.elementor-element-1f223578{width:100%;max-width:100%;}.elementor-3902 .elementor-element.elementor-element-43f2dbb3 .elementor-heading-title{font-family:\"Noto Sans\", Sans-serif;font-size:13px;font-weight:600;text-transform:uppercase;font-style:normal;text-decoration:none;line-height:1.5em;letter-spacing:-0.01em;word-spacing:0em;color:#8D8D8D;}.elementor-3902 .elementor-element.elementor-element-43f2dbb3 > .elementor-widget-container{padding:6px 0px 6px 0px;}.elementor-3902 .elementor-element.elementor-element-169a9714 .elementor-heading-title{font-family:\"Noto Sans\", Sans-serif;font-size:26px;font-weight:500;text-transform:none;font-style:normal;text-decoration:none;line-height:1.2em;letter-spacing:-0.04em;word-spacing:0em;color:#181818;}.elementor-3902 .elementor-element.elementor-element-448d42c7 .elementor-widget-container{font-family:\"Noto Sans\", Sans-serif;font-size:14px;font-weight:500;text-transform:none;font-style:normal;text-decoration:none;line-height:1.5em;letter-spacing:-0.01em;word-spacing:0em;color:#181818;}@media(max-width:1024px){.elementor-3902 .elementor-element.elementor-element-1f223578 img{height:200px;}.elementor-3902 .elementor-element.elementor-element-448d42c7 .elementor-widget-container{font-size:14px;}}@media(max-width:767px){.elementor-3902 .elementor-element.elementor-element-1f223578 img{height:168px;}.elementor-3902 .elementor-element.elementor-element-43f2dbb3 .elementor-heading-title{font-size:17px;}.elementor-3902 .elementor-element.elementor-element-169a9714{text-align:start;}.elementor-3902 .elementor-element.elementor-element-169a9714 .elementor-heading-title{font-size:27px;}.elementor-3902 .elementor-element.elementor-element-448d42c7 .elementor-widget-container{text-align:start;font-size:13px;}}<\/style>\t\t<div data-elementor-type=\"loop-item\" data-elementor-id=\"3902\" class=\"elementor elementor-3902 e-loop-item e-loop-item-4106 post-4106 post type-post status-publish format-standard has-post-thumbnail hentry category-general-news\" data-elementor-post-type=\"elementor_library\" data-custom-edit-handle=\"1\">\n\t\t\t<a class=\"elementor-element elementor-element-44d93c5f e-con-full e-flex e-con e-parent\" data-id=\"44d93c5f\" data-element_type=\"container\" data-e-type=\"container\" href=\"https:\/\/www.aktaslawyers.com\/tr\/forming-an-llc-in-florida-texas-or-d-c\/\">\n\t\t\t\t<div class=\"elementor-element elementor-element-1f223578 elementor-widget__width-inherit elementor-widget elementor-widget-theme-post-featured-image elementor-widget-image\" data-id=\"1f223578\" data-element_type=\"widget\" data-e-type=\"widget\" data-widget_type=\"theme-post-featured-image.default\">\n\t\t\t\t<div class=\"elementor-widget-container\">\n\t\t\t\t\t\t\t\t\t\t\t\t\t\t\t<img fetchpriority=\"high\" decoding=\"async\" width=\"300\" height=\"188\" src=\"https:\/\/www.aktaslawyers.com\/tr\/wp-content\/uploads\/sites\/9\/2025\/08\/AdobeStock_38497882-300x188.jpeg\" class=\"attachment-medium size-medium wp-image-4051\" alt=\"LLC. Contract Formation\" srcset=\"https:\/\/www.aktaslawyers.com\/tr\/wp-content\/uploads\/sites\/9\/2025\/08\/AdobeStock_38497882-300x188.jpeg 300w, https:\/\/www.aktaslawyers.com\/tr\/wp-content\/uploads\/sites\/9\/2025\/08\/AdobeStock_38497882-1024x640.jpeg 1024w, https:\/\/www.aktaslawyers.com\/tr\/wp-content\/uploads\/sites\/9\/2025\/08\/AdobeStock_38497882-768x480.jpeg 768w, https:\/\/www.aktaslawyers.com\/tr\/wp-content\/uploads\/sites\/9\/2025\/08\/AdobeStock_38497882-1536x960.jpeg 1536w, https:\/\/www.aktaslawyers.com\/tr\/wp-content\/uploads\/sites\/9\/2025\/08\/AdobeStock_38497882.jpeg 2000w\" sizes=\"(max-width: 300px) 100vw, 300px\" \/>\t\t\t\t\t\t\t\t\t\t\t\t\t\t\t<\/div>\n\t\t\t\t<\/div>\n\t\t\t\t<div class=\"elementor-element elementor-element-43f2dbb3 elementor-widget elementor-widget-heading\" data-id=\"43f2dbb3\" data-element_type=\"widget\" data-e-type=\"widget\" data-widget_type=\"heading.default\">\n\t\t\t\t<div class=\"elementor-widget-container\">\n\t\t\t\t\t<p class=\"elementor-heading-title elementor-size-default\">11 Sep 2025<\/p>\t\t\t\t<\/div>\n\t\t\t\t<\/div>\n\t\t\t\t<div class=\"elementor-element elementor-element-169a9714 elementor-widget elementor-widget-theme-post-title elementor-page-title elementor-widget-heading\" data-id=\"169a9714\" data-element_type=\"widget\" data-e-type=\"widget\" data-widget_type=\"theme-post-title.default\">\n\t\t\t\t<div class=\"elementor-widget-container\">\n\t\t\t\t\t<h4 class=\"elementor-heading-title elementor-size-default\">Florida, Texas veya D.C.\u2019de LLC Kurmay\u0131 m\u0131 D\u00fc\u015f\u00fcn\u00fcyorsunuz?<\/h4>\t\t\t\t<\/div>\n\t\t\t\t<\/div>\n\t\t\t\t<\/a>\n\t\t\t\t<\/div>\n\t\t\t\t<div data-elementor-type=\"loop-item\" data-elementor-id=\"3902\" class=\"elementor elementor-3902 e-loop-item e-loop-item-4105 post-4105 post type-post status-publish format-standard has-post-thumbnail hentry category-our-attorneys\" data-elementor-post-type=\"elementor_library\" data-custom-edit-handle=\"1\">\n\t\t\t<a class=\"elementor-element elementor-element-44d93c5f e-con-full e-flex e-con e-parent\" data-id=\"44d93c5f\" data-element_type=\"container\" data-e-type=\"container\" href=\"https:\/\/www.aktaslawyers.com\/tr\/commercial-litigation-attorneys\/\">\n\t\t\t\t<div class=\"elementor-element elementor-element-1f223578 elementor-widget__width-inherit elementor-widget elementor-widget-theme-post-featured-image elementor-widget-image\" data-id=\"1f223578\" data-element_type=\"widget\" data-e-type=\"widget\" data-widget_type=\"theme-post-featured-image.default\">\n\t\t\t\t<div class=\"elementor-widget-container\">\n\t\t\t\t\t\t\t\t\t\t\t\t\t\t\t<img decoding=\"async\" width=\"300\" height=\"200\" src=\"https:\/\/www.aktaslawyers.com\/tr\/wp-content\/uploads\/sites\/9\/2025\/06\/AdobeStock_277630593-1-300x200.jpeg\" class=\"attachment-medium size-medium wp-image-3946\" alt=\"Business Transactions. Litigation\" srcset=\"https:\/\/www.aktaslawyers.com\/tr\/wp-content\/uploads\/sites\/9\/2025\/06\/AdobeStock_277630593-1-300x200.jpeg 300w, https:\/\/www.aktaslawyers.com\/tr\/wp-content\/uploads\/sites\/9\/2025\/06\/AdobeStock_277630593-1-1024x684.jpeg 1024w, https:\/\/www.aktaslawyers.com\/tr\/wp-content\/uploads\/sites\/9\/2025\/06\/AdobeStock_277630593-1-768x513.jpeg 768w, https:\/\/www.aktaslawyers.com\/tr\/wp-content\/uploads\/sites\/9\/2025\/06\/AdobeStock_277630593-1-1536x1025.jpeg 1536w, https:\/\/www.aktaslawyers.com\/tr\/wp-content\/uploads\/sites\/9\/2025\/06\/AdobeStock_277630593-1-2048x1367.jpeg 2048w\" sizes=\"(max-width: 300px) 100vw, 300px\" \/>\t\t\t\t\t\t\t\t\t\t\t\t\t\t\t<\/div>\n\t\t\t\t<\/div>\n\t\t\t\t<div class=\"elementor-element elementor-element-43f2dbb3 elementor-widget elementor-widget-heading\" data-id=\"43f2dbb3\" data-element_type=\"widget\" data-e-type=\"widget\" data-widget_type=\"heading.default\">\n\t\t\t\t<div class=\"elementor-widget-container\">\n\t\t\t\t\t<p class=\"elementor-heading-title elementor-size-default\">15 Aug 2025<\/p>\t\t\t\t<\/div>\n\t\t\t\t<\/div>\n\t\t\t\t<div class=\"elementor-element elementor-element-169a9714 elementor-widget elementor-widget-theme-post-title elementor-page-title elementor-widget-heading\" data-id=\"169a9714\" data-element_type=\"widget\" data-e-type=\"widget\" data-widget_type=\"theme-post-title.default\">\n\t\t\t\t<div class=\"elementor-widget-container\">\n\t\t\t\t\t<h4 class=\"elementor-heading-title elementor-size-default\">lorida, Texas ve D.C.\u2019de Ticari Dava Avukatl\u0131\u011f\u0131   \u015eirketler ve Ger\u00e7ek Ki\u015filer \u0130\u00e7in Stratejik Hukuk\u00ee Temsil<\/h4>\t\t\t\t<\/div>\n\t\t\t\t<\/div>\n\t\t\t\t<\/a>\n\t\t\t\t<\/div>\n\t\t\t\t<div data-elementor-type=\"loop-item\" data-elementor-id=\"3902\" class=\"elementor elementor-3902 e-loop-item e-loop-item-4047 post-4047 post type-post status-publish format-standard has-post-thumbnail hentry category-corporate-law\" data-elementor-post-type=\"elementor_library\" data-custom-edit-handle=\"1\">\n\t\t\t<a class=\"elementor-element elementor-element-44d93c5f e-con-full e-flex e-con e-parent\" data-id=\"44d93c5f\" data-element_type=\"container\" data-e-type=\"container\" href=\"https:\/\/www.aktaslawyers.com\/tr\/franchising-heres-what-you-need-to-know\/\">\n\t\t\t\t<div class=\"elementor-element elementor-element-1f223578 elementor-widget__width-inherit elementor-widget elementor-widget-theme-post-featured-image elementor-widget-image\" data-id=\"1f223578\" data-element_type=\"widget\" data-e-type=\"widget\" data-widget_type=\"theme-post-featured-image.default\">\n\t\t\t\t<div class=\"elementor-widget-container\">\n\t\t\t\t\t\t\t\t\t\t\t\t\t\t\t<img decoding=\"async\" width=\"300\" height=\"225\" src=\"https:\/\/www.aktaslawyers.com\/tr\/wp-content\/uploads\/sites\/9\/2025\/08\/AdobeStock_130200428-300x225.jpeg\" class=\"attachment-medium size-medium wp-image-4052\" alt=\"Franchising\" srcset=\"https:\/\/www.aktaslawyers.com\/tr\/wp-content\/uploads\/sites\/9\/2025\/08\/AdobeStock_130200428-300x225.jpeg 300w, https:\/\/www.aktaslawyers.com\/tr\/wp-content\/uploads\/sites\/9\/2025\/08\/AdobeStock_130200428-1024x768.jpeg 1024w, https:\/\/www.aktaslawyers.com\/tr\/wp-content\/uploads\/sites\/9\/2025\/08\/AdobeStock_130200428-768x576.jpeg 768w, https:\/\/www.aktaslawyers.com\/tr\/wp-content\/uploads\/sites\/9\/2025\/08\/AdobeStock_130200428-1536x1152.jpeg 1536w, https:\/\/www.aktaslawyers.com\/tr\/wp-content\/uploads\/sites\/9\/2025\/08\/AdobeStock_130200428.jpeg 2000w\" sizes=\"(max-width: 300px) 100vw, 300px\" \/>\t\t\t\t\t\t\t\t\t\t\t\t\t\t\t<\/div>\n\t\t\t\t<\/div>\n\t\t\t\t<div class=\"elementor-element elementor-element-43f2dbb3 elementor-widget elementor-widget-heading\" data-id=\"43f2dbb3\" data-element_type=\"widget\" data-e-type=\"widget\" data-widget_type=\"heading.default\">\n\t\t\t\t<div class=\"elementor-widget-container\">\n\t\t\t\t\t<p class=\"elementor-heading-title elementor-size-default\">6 Aug 2025<\/p>\t\t\t\t<\/div>\n\t\t\t\t<\/div>\n\t\t\t\t<div class=\"elementor-element elementor-element-169a9714 elementor-widget elementor-widget-theme-post-title elementor-page-title elementor-widget-heading\" data-id=\"169a9714\" data-element_type=\"widget\" data-e-type=\"widget\" data-widget_type=\"theme-post-title.default\">\n\t\t\t\t<div class=\"elementor-widget-container\">\n\t\t\t\t\t<h4 class=\"elementor-heading-title elementor-size-default\">Franchise D\u00fc\u015f\u00fcn\u00fcyorsan\u0131z, Sat\u0131n Almadan veya B\u00fcy\u00fcme Karar\u0131 Almadan \u00d6nce Bilmeniz Gerekenler<\/h4>\t\t\t\t<\/div>\n\t\t\t\t<\/div>\n\t\t\t\t<\/a>\n\t\t\t\t<\/div>\n\t\t\t\t<div data-elementor-type=\"loop-item\" data-elementor-id=\"3902\" class=\"elementor elementor-3902 e-loop-item e-loop-item-4038 post-4038 post type-post status-publish format-standard has-post-thumbnail hentry category-business-litigation\" data-elementor-post-type=\"elementor_library\" data-custom-edit-handle=\"1\">\n\t\t\t<a class=\"elementor-element elementor-element-44d93c5f e-con-full e-flex e-con e-parent\" data-id=\"44d93c5f\" data-element_type=\"container\" data-e-type=\"container\" href=\"https:\/\/www.aktaslawyers.com\/tr\/breach-of-contract-in-florida-business\/\">\n\t\t\t\t<div class=\"elementor-element elementor-element-1f223578 elementor-widget__width-inherit elementor-widget elementor-widget-theme-post-featured-image elementor-widget-image\" data-id=\"1f223578\" data-element_type=\"widget\" data-e-type=\"widget\" data-widget_type=\"theme-post-featured-image.default\">\n\t\t\t\t<div class=\"elementor-widget-container\">\n\t\t\t\t\t\t\t\t\t\t\t\t\t\t\t<img loading=\"lazy\" decoding=\"async\" width=\"300\" height=\"200\" src=\"https:\/\/www.aktaslawyers.com\/tr\/wp-content\/uploads\/sites\/9\/2025\/07\/AdobeStock_521557199-300x200.jpeg\" class=\"attachment-medium size-medium wp-image-3991\" alt=\"Breach of Contract\" srcset=\"https:\/\/www.aktaslawyers.com\/tr\/wp-content\/uploads\/sites\/9\/2025\/07\/AdobeStock_521557199-300x200.jpeg 300w, https:\/\/www.aktaslawyers.com\/tr\/wp-content\/uploads\/sites\/9\/2025\/07\/AdobeStock_521557199-1024x683.jpeg 1024w, https:\/\/www.aktaslawyers.com\/tr\/wp-content\/uploads\/sites\/9\/2025\/07\/AdobeStock_521557199-768x513.jpeg 768w, https:\/\/www.aktaslawyers.com\/tr\/wp-content\/uploads\/sites\/9\/2025\/07\/AdobeStock_521557199-1536x1025.jpeg 1536w, https:\/\/www.aktaslawyers.com\/tr\/wp-content\/uploads\/sites\/9\/2025\/07\/AdobeStock_521557199-2048x1367.jpeg 2048w\" sizes=\"(max-width: 300px) 100vw, 300px\" \/>\t\t\t\t\t\t\t\t\t\t\t\t\t\t\t<\/div>\n\t\t\t\t<\/div>\n\t\t\t\t<div class=\"elementor-element elementor-element-43f2dbb3 elementor-widget elementor-widget-heading\" data-id=\"43f2dbb3\" data-element_type=\"widget\" data-e-type=\"widget\" data-widget_type=\"heading.default\">\n\t\t\t\t<div class=\"elementor-widget-container\">\n\t\t\t\t\t<p class=\"elementor-heading-title elementor-size-default\">1 Aug 2025<\/p>\t\t\t\t<\/div>\n\t\t\t\t<\/div>\n\t\t\t\t<div class=\"elementor-element elementor-element-169a9714 elementor-widget elementor-widget-theme-post-title elementor-page-title elementor-widget-heading\" data-id=\"169a9714\" data-element_type=\"widget\" data-e-type=\"widget\" data-widget_type=\"theme-post-title.default\">\n\t\t\t\t<div class=\"elementor-widget-container\">\n\t\t\t\t\t<h4 class=\"elementor-heading-title elementor-size-default\">S\u00f6zle\u015fme \u0130hlali: \u0130\u015fletme Sahiplerinin Bilmesi Gerekenler<\/h4>\t\t\t\t<\/div>\n\t\t\t\t<\/div>\n\t\t\t\t<\/a>\n\t\t\t\t<\/div>\n\t\t\t\t<div data-elementor-type=\"loop-item\" data-elementor-id=\"3902\" class=\"elementor elementor-3902 e-loop-item e-loop-item-4045 post-4045 post type-post status-publish format-standard has-post-thumbnail hentry category-uncategorized\" data-elementor-post-type=\"elementor_library\" data-custom-edit-handle=\"1\">\n\t\t\t<a class=\"elementor-element elementor-element-44d93c5f e-con-full e-flex e-con e-parent\" data-id=\"44d93c5f\" data-element_type=\"container\" data-e-type=\"container\" href=\"https:\/\/www.aktaslawyers.com\/tr\/buying-a-business-in-miami-what-you-need\/\">\n\t\t\t\t<div class=\"elementor-element elementor-element-1f223578 elementor-widget__width-inherit elementor-widget elementor-widget-theme-post-featured-image elementor-widget-image\" data-id=\"1f223578\" data-element_type=\"widget\" data-e-type=\"widget\" data-widget_type=\"theme-post-featured-image.default\">\n\t\t\t\t<div class=\"elementor-widget-container\">\n\t\t\t\t\t\t\t\t\t\t\t\t\t\t\t<img loading=\"lazy\" decoding=\"async\" width=\"300\" height=\"184\" src=\"https:\/\/www.aktaslawyers.com\/tr\/wp-content\/uploads\/sites\/9\/2025\/08\/AdobeStock_144172394-300x184.jpeg\" class=\"attachment-medium size-medium wp-image-4053\" alt=\"Buying a Business\" srcset=\"https:\/\/www.aktaslawyers.com\/tr\/wp-content\/uploads\/sites\/9\/2025\/08\/AdobeStock_144172394-300x184.jpeg 300w, https:\/\/www.aktaslawyers.com\/tr\/wp-content\/uploads\/sites\/9\/2025\/08\/AdobeStock_144172394-1024x627.jpeg 1024w, https:\/\/www.aktaslawyers.com\/tr\/wp-content\/uploads\/sites\/9\/2025\/08\/AdobeStock_144172394-768x470.jpeg 768w, https:\/\/www.aktaslawyers.com\/tr\/wp-content\/uploads\/sites\/9\/2025\/08\/AdobeStock_144172394-1536x941.jpeg 1536w, https:\/\/www.aktaslawyers.com\/tr\/wp-content\/uploads\/sites\/9\/2025\/08\/AdobeStock_144172394.jpeg 2000w\" sizes=\"(max-width: 300px) 100vw, 300px\" \/>\t\t\t\t\t\t\t\t\t\t\t\t\t\t\t<\/div>\n\t\t\t\t<\/div>\n\t\t\t\t<div class=\"elementor-element elementor-element-43f2dbb3 elementor-widget elementor-widget-heading\" data-id=\"43f2dbb3\" data-element_type=\"widget\" data-e-type=\"widget\" data-widget_type=\"heading.default\">\n\t\t\t\t<div class=\"elementor-widget-container\">\n\t\t\t\t\t<p class=\"elementor-heading-title elementor-size-default\">15 Jul 2025<\/p>\t\t\t\t<\/div>\n\t\t\t\t<\/div>\n\t\t\t\t<div class=\"elementor-element elementor-element-169a9714 elementor-widget elementor-widget-theme-post-title elementor-page-title elementor-widget-heading\" data-id=\"169a9714\" data-element_type=\"widget\" data-e-type=\"widget\" data-widget_type=\"theme-post-title.default\">\n\t\t\t\t<div class=\"elementor-widget-container\">\n\t\t\t\t\t<h4 class=\"elementor-heading-title elementor-size-default\">Bir \u0130\u015fletme Mi Sat\u0131n Al\u0131yorsunuz? Bilmeniz Gerekenler Burada<\/h4>\t\t\t\t<\/div>\n\t\t\t\t<\/div>\n\t\t\t\t<\/a>\n\t\t\t\t<\/div>\n\t\t\t\t<div data-elementor-type=\"loop-item\" data-elementor-id=\"3902\" class=\"elementor elementor-3902 e-loop-item e-loop-item-4044 post-4044 post type-post status-publish format-standard has-post-thumbnail hentry category-uncategorized\" data-elementor-post-type=\"elementor_library\" data-custom-edit-handle=\"1\">\n\t\t\t<a class=\"elementor-element elementor-element-44d93c5f e-con-full e-flex e-con e-parent\" data-id=\"44d93c5f\" data-element_type=\"container\" data-e-type=\"container\" href=\"https:\/\/www.aktaslawyers.com\/tr\/you-need-a-contract-formation-attorney\/\">\n\t\t\t\t<div class=\"elementor-element elementor-element-1f223578 elementor-widget__width-inherit elementor-widget elementor-widget-theme-post-featured-image elementor-widget-image\" data-id=\"1f223578\" data-element_type=\"widget\" data-e-type=\"widget\" data-widget_type=\"theme-post-featured-image.default\">\n\t\t\t\t<div class=\"elementor-widget-container\">\n\t\t\t\t\t\t\t\t\t\t\t\t\t\t\t<img fetchpriority=\"high\" decoding=\"async\" width=\"300\" height=\"188\" src=\"https:\/\/www.aktaslawyers.com\/tr\/wp-content\/uploads\/sites\/9\/2025\/08\/AdobeStock_38497882-300x188.jpeg\" class=\"attachment-medium size-medium wp-image-4051\" alt=\"LLC. Contract Formation\" srcset=\"https:\/\/www.aktaslawyers.com\/tr\/wp-content\/uploads\/sites\/9\/2025\/08\/AdobeStock_38497882-300x188.jpeg 300w, https:\/\/www.aktaslawyers.com\/tr\/wp-content\/uploads\/sites\/9\/2025\/08\/AdobeStock_38497882-1024x640.jpeg 1024w, https:\/\/www.aktaslawyers.com\/tr\/wp-content\/uploads\/sites\/9\/2025\/08\/AdobeStock_38497882-768x480.jpeg 768w, https:\/\/www.aktaslawyers.com\/tr\/wp-content\/uploads\/sites\/9\/2025\/08\/AdobeStock_38497882-1536x960.jpeg 1536w, https:\/\/www.aktaslawyers.com\/tr\/wp-content\/uploads\/sites\/9\/2025\/08\/AdobeStock_38497882.jpeg 2000w\" sizes=\"(max-width: 300px) 100vw, 300px\" \/>\t\t\t\t\t\t\t\t\t\t\t\t\t\t\t<\/div>\n\t\t\t\t<\/div>\n\t\t\t\t<div class=\"elementor-element elementor-element-43f2dbb3 elementor-widget elementor-widget-heading\" data-id=\"43f2dbb3\" data-element_type=\"widget\" data-e-type=\"widget\" data-widget_type=\"heading.default\">\n\t\t\t\t<div class=\"elementor-widget-container\">\n\t\t\t\t\t<p class=\"elementor-heading-title elementor-size-default\">3 Jun 2025<\/p>\t\t\t\t<\/div>\n\t\t\t\t<\/div>\n\t\t\t\t<div class=\"elementor-element elementor-element-169a9714 elementor-widget elementor-widget-theme-post-title elementor-page-title elementor-widget-heading\" data-id=\"169a9714\" data-element_type=\"widget\" data-e-type=\"widget\" data-widget_type=\"theme-post-title.default\">\n\t\t\t\t<div class=\"elementor-widget-container\">\n\t\t\t\t\t<h4 class=\"elementor-heading-title elementor-size-default\">\u0130\u015f Kurmay\u0131 m\u0131 Planl\u0131yorsunuz? S\u00f6zle\u015fme Haz\u0131rlama S\u00fcrecinde Neden Bir Avukata \u0130htiyac\u0131n\u0131z Var?<\/h4>\t\t\t\t<\/div>\n\t\t\t\t<\/div>\n\t\t\t\t<\/a>\n\t\t\t\t<\/div>\n\t\t\t\t<\/div>\n\t\t\n\t\t\t\t<div class=\"e-load-more-anchor\" data-page=\"1\" data-max-page=\"2\" data-next-page=\"https:\/\/www.aktaslawyers.com\/tr\/wp-json\/wp\/v2\/pages\/29\/page\/2\/\"><\/div>\n\t\t\t\t<nav class=\"elementor-pagination\" aria-label=\"Pagination\">\n\t\t\t<span class=\"page-numbers prev\">Previous<\/span>\n<a class=\"page-numbers next\" href=\"https:\/\/www.aktaslawyers.com\/tr\/wp-json\/wp\/v2\/pages\/29\/page\/2\/\">Next<\/a>\t\t<\/nav>\n\t\t\t\t\t\t<\/div>\n\t\t\t\t<\/div>\n\t\t\t\t\t<\/div>\n\t\t\t\t<\/div>\n\t\t\t\t<\/div>\n\t\t","protected":false},"excerpt":{"rendered":"<p>G\u00fcncel Haberler 2012\u2019den bu yana, her m\u00fcvekkile \u00f6zel ilgiyle, d\u00fcr\u00fcst ve uzman bir yakla\u015f\u0131mla hukuki destek sunuyoruz.<\/p>\n","protected":false},"author":2,"featured_media":0,"parent":0,"menu_order":0,"comment_status":"closed","ping_status":"closed","template":"elementor_header_footer","meta":{"_acf_changed":false,"inline_featured_image":false,"footnotes":""},"class_list":["post-29","page","type-page","status-publish","hentry"],"acf":[],"_links":{"self":[{"href":"https:\/\/www.aktaslawyers.com\/tr\/wp-json\/wp\/v2\/pages\/29","targetHints":{"allow":["GET"]}}],"collection":[{"href":"https:\/\/www.aktaslawyers.com\/tr\/wp-json\/wp\/v2\/pages"}],"about":[{"href":"https:\/\/www.aktaslawyers.com\/tr\/wp-json\/wp\/v2\/types\/page"}],"author":[{"embeddable":true,"href":"https:\/\/www.aktaslawyers.com\/tr\/wp-json\/wp\/v2\/users\/2"}],"replies":[{"embeddable":true,"href":"https:\/\/www.aktaslawyers.com\/tr\/wp-json\/wp\/v2\/comments?post=29"}],"version-history":[{"count":0,"href":"https:\/\/www.aktaslawyers.com\/tr\/wp-json\/wp\/v2\/pages\/29\/revisions"}],"wp:attachment":[{"href":"https:\/\/www.aktaslawyers.com\/tr\/wp-json\/wp\/v2\/media?parent=29"}],"curies":[{"name":"wp","href":"https:\/\/api.w.org\/{rel}","templated":true}]}}